{"id":7,"date":"2023-07-31T12:23:34","date_gmt":"2023-07-31T12:23:34","guid":{"rendered":"https:\/\/www.hop-tulkkaus.fi\/?page_id=7"},"modified":"2025-08-15T09:05:34","modified_gmt":"2025-08-15T09:05:34","slug":"tietoja","status":"publish","type":"page","link":"https:\/\/www.hop-tulkkaus.fi\/index.php\/tietoja\/","title":{"rendered":"Tietoa meist\u00e4"},"content":{"rendered":"\n<p><strong>HOP Kielipalvelut<\/strong> on yritys joka perustettiin kes\u00e4ll\u00e4 2023 nimell\u00e4 <strong>Hollannin oikeustulkkauspalvelut oy<\/strong> kun kieliammattilaiset <strong>Evelien Waegemans<\/strong> ja <strong>Norman Langerak<\/strong> totesivat, ett\u00e4 he pystyv\u00e4t tarjoamaan asiakkailleen tulkkaus- ja k\u00e4\u00e4nn\u00f6spalveluita tehokkaammin ja joustavammin uuden kielipalveluita tarjoavan toimiston v\u00e4lityksell\u00e4.<\/p>\n\n\n\n<p>Sek\u00e4 Langerakilla, ett\u00e4 Waegemansilla on vuosien kokemus tulkkauksesta, k\u00e4\u00e4nt\u00e4misest\u00e4, kielentutkimuksesta ja kielten opetuksesta.<\/p>\n\n\n\n<p><\/p>\n\n\n\n<p><\/p>\n","protected":false},"excerpt":{"rendered":"<p>HOP Kielipalvelut on yritys joka perustettiin kes\u00e4ll\u00e4 2023 nimell\u00e4 Hollannin oikeustulkkauspalvelut oy kun kieliammattilaiset Evelien Waegemans ja Norman Langerak totesivat, ett\u00e4 he pystyv\u00e4t tarjoamaan asiakkailleen tulkkaus- ja k\u00e4\u00e4nn\u00f6spalveluita tehokkaammin ja joustavammin uuden kielipalveluita tarjoavan toimiston v\u00e4lityksell\u00e4. Sek\u00e4 Langerakilla, ett\u00e4 Waegemansilla on vuosien kokemus tulkkauksesta, k\u00e4\u00e4nt\u00e4misest\u00e4, kielentutkimuksesta ja kielten opetuksesta.<\/p>\n","protected":false},"author":1,"featured_media":0,"parent":0,"menu_order":0,"comment_status":"closed","ping_status":"closed","template":"","meta":{"footnotes":""},"class_list":["post-7","page","type-page","status-publish","hentry","entry"],"_links":{"self":[{"href":"https:\/\/www.hop-tulkkaus.fi\/index.php\/wp-json\/wp\/v2\/pages\/7","targetHints":{"allow":["GET"]}}],"collection":[{"href":"https:\/\/www.hop-tulkkaus.fi\/index.php\/wp-json\/wp\/v2\/pages"}],"about":[{"href":"https:\/\/www.hop-tulkkaus.fi\/index.php\/wp-json\/wp\/v2\/types\/page"}],"author":[{"embeddable":true,"href":"https:\/\/www.hop-tulkkaus.fi\/index.php\/wp-json\/wp\/v2\/users\/1"}],"replies":[{"embeddable":true,"href":"https:\/\/www.hop-tulkkaus.fi\/index.php\/wp-json\/wp\/v2\/comments?post=7"}],"version-history":[{"count":8,"href":"https:\/\/www.hop-tulkkaus.fi\/index.php\/wp-json\/wp\/v2\/pages\/7\/revisions"}],"predecessor-version":[{"id":134,"href":"https:\/\/www.hop-tulkkaus.fi\/index.php\/wp-json\/wp\/v2\/pages\/7\/revisions\/134"}],"wp:attachment":[{"href":"https:\/\/www.hop-tulkkaus.fi\/index.php\/wp-json\/wp\/v2\/media?parent=7"}],"curies":[{"name":"wp","href":"https:\/\/api.w.org\/{rel}","templated":true}]}}